{"id":837,"date":"2025-09-05T09:59:08","date_gmt":"2025-09-05T06:59:08","guid":{"rendered":"https:\/\/lami-ingeur.ro\/blog\/"},"modified":"2025-10-29T13:46:24","modified_gmt":"2025-10-29T11:46:24","slug":"blog","status":"publish","type":"page","link":"https:\/\/lami-ingeur.ro\/fr\/blog\/","title":{"rendered":"Blog"},"content":{"rendered":"\t\t<div data-elementor-type=\"wp-page\" data-elementor-id=\"837\" class=\"elementor elementor-837 elementor-21\" data-elementor-post-type=\"page\">\n\t\t\t\t<div class=\"elementor-element elementor-element-849dc61 e-flex e-con-boxed e-con e-parent\" data-id=\"849dc61\" data-element_type=\"container\" data-e-type=\"container\">\n\t\t\t\t\t<div class=\"e-con-inner\">\n\t\t<div class=\"elementor-element elementor-element-7fae25ed e-con-full e-flex e-con e-child\" data-id=\"7fae25ed\" data-element_type=\"container\" data-e-type=\"container\">\n\t\t\t\t<div class=\"elementor-element elementor-element-7ea05735 elementor-widget elementor-widget-heading\" data-id=\"7ea05735\" data-element_type=\"widget\" data-e-type=\"widget\" data-widget_type=\"heading.default\">\n\t\t\t\t\t<h2 class=\"elementor-heading-title elementor-size-default\">Articles utiles<\/h2>\t\t\t\t<\/div>\n\t\t\t\t<div class=\"elementor-element elementor-element-4a148c5 elementor-grid-3 elementor-grid-tablet-2 elementor-grid-mobile-1 elementor-posts--thumbnail-top elementor-card-shadow-yes elementor-posts__hover-gradient elementor-widget elementor-widget-posts\" data-id=\"4a148c5\" data-element_type=\"widget\" data-e-type=\"widget\" data-settings=\"{&quot;pagination_type&quot;:&quot;numbers&quot;,&quot;cards_columns&quot;:&quot;3&quot;,&quot;cards_columns_tablet&quot;:&quot;2&quot;,&quot;cards_columns_mobile&quot;:&quot;1&quot;,&quot;cards_row_gap&quot;:{&quot;unit&quot;:&quot;px&quot;,&quot;size&quot;:35,&quot;sizes&quot;:[]},&quot;cards_row_gap_tablet&quot;:{&quot;unit&quot;:&quot;px&quot;,&quot;size&quot;:&quot;&quot;,&quot;sizes&quot;:[]},&quot;cards_row_gap_mobile&quot;:{&quot;unit&quot;:&quot;px&quot;,&quot;size&quot;:&quot;&quot;,&quot;sizes&quot;:[]}}\" data-widget_type=\"posts.cards\">\n\t\t\t\t<div class=\"elementor-widget-container\">\n\t\t\t\t\t\t\t<div class=\"elementor-posts-container elementor-posts elementor-posts--skin-cards elementor-grid\" role=\"list\">\n\t\t\t\t<article class=\"elementor-post elementor-grid-item post-1079 post type-post status-publish format-standard hentry category-lignes-de-production-industrielle\" role=\"listitem\">\n\t\t\t<div class=\"elementor-post__card\">\n\t\t\t\t<div class=\"elementor-post__text\">\n\t\t\t\t<h3 class=\"elementor-post__title\">\n\t\t\t<a href=\"https:\/\/lami-ingeur.ro\/fr\/le-processus-de-pasteurisation-des-produits-alimentaires-cuits\/\" >\n\t\t\t\tLe processus de pasteurisation des produits alimentaires cuits\t\t\t<\/a>\n\t\t<\/h3>\n\t\t\t\t<div class=\"elementor-post__excerpt\">\n\t\t\t<p>Les produits alimentaires cuits, tels que le pain, les pizzas, les g\u00e2teaux et, de mani\u00e8re g\u00e9n\u00e9rale, tous les types de produits de ce genre, dans toutes leurs variantes et recettes, ont fait l&rsquo;objet de nombreuses recherches et d\u00e9veloppements technologiques au cours des derni\u00e8res ann\u00e9es. En g\u00e9n\u00e9ral, la recherche a port\u00e9<\/p>\n\t\t<\/div>\n\t\t\n\t\t<a class=\"elementor-post__read-more\" href=\"https:\/\/lami-ingeur.ro\/fr\/le-processus-de-pasteurisation-des-produits-alimentaires-cuits\/\" aria-label=\"En savoir plus sur Le processus de pasteurisation des produits alimentaires cuits\" tabindex=\"-1\" >\n\t\t\tLire l'article \u00bb\t\t<\/a>\n\n\t\t\t\t<\/div>\n\t\t\t\t\t<\/div>\n\t\t<\/article>\n\t\t\t\t<article class=\"elementor-post elementor-grid-item post-803 post type-post status-publish format-standard has-post-thumbnail hentry category-lignes-de-production-industrielle\" role=\"listitem\">\n\t\t\t<div class=\"elementor-post__card\">\n\t\t\t\t<a class=\"elementor-post__thumbnail__link\" href=\"https:\/\/lami-ingeur.ro\/fr\/comment-les-entrepreneurs-de-lindustrie-de-la-boulangerie-patisserie-peuvent-ils-automatiser-leur-production-pour-accroitre-leur-efficacite-et-leur-rentabilite\/\" tabindex=\"-1\" ><div class=\"elementor-post__thumbnail\"><img fetchpriority=\"high\" decoding=\"async\" width=\"300\" height=\"200\" src=\"https:\/\/lami-ingeur.ro\/wp-content\/uploads\/2025\/10\/de-ce-sa-300x200.webp\" class=\"attachment-medium size-medium wp-image-805\" alt=\"pourquoi faire\" srcset=\"https:\/\/lami-ingeur.ro\/wp-content\/uploads\/2025\/10\/de-ce-sa-300x200.webp 300w, https:\/\/lami-ingeur.ro\/wp-content\/uploads\/2025\/10\/de-ce-sa-1024x683.webp 1024w, https:\/\/lami-ingeur.ro\/wp-content\/uploads\/2025\/10\/de-ce-sa-768x512.webp 768w, https:\/\/lami-ingeur.ro\/wp-content\/uploads\/2025\/10\/de-ce-sa.webp 1536w\" sizes=\"(max-width: 300px) 100vw, 300px\" \/><\/div><\/a>\n\t\t\t\t<div class=\"elementor-post__badge\">Lignes de production industrielle<\/div>\n\t\t\t\t<div class=\"elementor-post__text\">\n\t\t\t\t<h3 class=\"elementor-post__title\">\n\t\t\t<a href=\"https:\/\/lami-ingeur.ro\/fr\/comment-les-entrepreneurs-de-lindustrie-de-la-boulangerie-patisserie-peuvent-ils-automatiser-leur-production-pour-accroitre-leur-efficacite-et-leur-rentabilite\/\" >\n\t\t\t\tComment les entrepreneurs de l&rsquo;industrie de la boulangerie-p\u00e2tisserie peuvent-ils automatiser leur production pour accro\u00eetre leur efficacit\u00e9 et leur rentabilit\u00e9&nbsp;?\t\t\t<\/a>\n\t\t<\/h3>\n\t\t\t\t<div class=\"elementor-post__excerpt\">\n\t\t\t<p>L&rsquo;industrie de la boulangerie-p\u00e2tisserie en Roumanie est en constante \u00e9volution, mais les entrepreneurs de ce secteur sont confront\u00e9s \u00e0 des d\u00e9fis majeurs\u00a0: l&rsquo;augmentation des co\u00fbts de main-d&rsquo;\u0153uvre, la pression pour maintenir des normes de qualit\u00e9 \u00e9lev\u00e9es et la n\u00e9cessit\u00e9 de r\u00e9pondre aux exigences de plus en plus diverses des clients.<\/p>\n\t\t<\/div>\n\t\t\n\t\t<a class=\"elementor-post__read-more\" href=\"https:\/\/lami-ingeur.ro\/fr\/comment-les-entrepreneurs-de-lindustrie-de-la-boulangerie-patisserie-peuvent-ils-automatiser-leur-production-pour-accroitre-leur-efficacite-et-leur-rentabilite\/\" aria-label=\"En savoir plus sur Comment les entrepreneurs de l&rsquo;industrie de la boulangerie-p\u00e2tisserie peuvent-ils automatiser leur production pour accro\u00eetre leur efficacit\u00e9 et leur rentabilit\u00e9&nbsp;?\" tabindex=\"-1\" >\n\t\t\tLire l'article \u00bb\t\t<\/a>\n\n\t\t\t\t<\/div>\n\t\t\t\t\t<\/div>\n\t\t<\/article>\n\t\t\t\t<article class=\"elementor-post elementor-grid-item post-808 post type-post status-publish format-standard has-post-thumbnail hentry category-lignes-de-production-industrielle\" role=\"listitem\">\n\t\t\t<div class=\"elementor-post__card\">\n\t\t\t\t<a class=\"elementor-post__thumbnail__link\" href=\"https:\/\/lami-ingeur.ro\/fr\/les-defis-des-boulangeries-industrielles-et-comment-trouver-les-bons-partenaires-techniques\/\" tabindex=\"-1\" ><div class=\"elementor-post__thumbnail\"><img decoding=\"async\" width=\"300\" height=\"200\" src=\"https:\/\/lami-ingeur.ro\/wp-content\/uploads\/2025\/10\/fab-paine-auto-300x200.webp\" class=\"attachment-medium size-medium wp-image-809\" alt=\"boulangerie auto\" srcset=\"https:\/\/lami-ingeur.ro\/wp-content\/uploads\/2025\/10\/fab-paine-auto-300x200.webp 300w, https:\/\/lami-ingeur.ro\/wp-content\/uploads\/2025\/10\/fab-paine-auto-1024x683.webp 1024w, https:\/\/lami-ingeur.ro\/wp-content\/uploads\/2025\/10\/fab-paine-auto-768x512.webp 768w, https:\/\/lami-ingeur.ro\/wp-content\/uploads\/2025\/10\/fab-paine-auto.webp 1536w\" sizes=\"(max-width: 300px) 100vw, 300px\" \/><\/div><\/a>\n\t\t\t\t<div class=\"elementor-post__badge\">Lignes de production industrielle<\/div>\n\t\t\t\t<div class=\"elementor-post__text\">\n\t\t\t\t<h3 class=\"elementor-post__title\">\n\t\t\t<a href=\"https:\/\/lami-ingeur.ro\/fr\/les-defis-des-boulangeries-industrielles-et-comment-trouver-les-bons-partenaires-techniques\/\" >\n\t\t\t\tLes d\u00e9fis des boulangeries industrielles et comment trouver les bons partenaires techniques\t\t\t<\/a>\n\t\t<\/h3>\n\t\t\t\t<div class=\"elementor-post__excerpt\">\n\t\t\t<p>Les boulangeries industrielles de Roumanie font face quotidiennement \u00e0 une s\u00e9rie de d\u00e9fis qui peuvent affecter tant leur productivit\u00e9 que la qualit\u00e9 de leurs produits finis. De la maintenance des \u00e9quipements \u00e0 l&rsquo;optimisation des processus de production, chaque aspect n\u00e9cessite des solutions efficaces et rapides. Dans la plupart des cas,<\/p>\n\t\t<\/div>\n\t\t\n\t\t<a class=\"elementor-post__read-more\" href=\"https:\/\/lami-ingeur.ro\/fr\/les-defis-des-boulangeries-industrielles-et-comment-trouver-les-bons-partenaires-techniques\/\" aria-label=\"En savoir plus sur Les d\u00e9fis des boulangeries industrielles et comment trouver les bons partenaires techniques\" tabindex=\"-1\" >\n\t\t\tLire l'article \u00bb\t\t<\/a>\n\n\t\t\t\t<\/div>\n\t\t\t\t\t<\/div>\n\t\t<\/article>\n\t\t\t\t<article class=\"elementor-post elementor-grid-item post-823 post type-post status-publish format-standard has-post-thumbnail hentry category-lignes-de-production-industrielle\" role=\"listitem\">\n\t\t\t<div class=\"elementor-post__card\">\n\t\t\t\t<a class=\"elementor-post__thumbnail__link\" href=\"https:\/\/lami-ingeur.ro\/fr\/les-plus-hauts-standards-dhygiene-pour-les-usines-de-lindustrie-alimentaire\/\" tabindex=\"-1\" ><div class=\"elementor-post__thumbnail\"><img decoding=\"async\" width=\"300\" height=\"200\" src=\"https:\/\/lami-ingeur.ro\/wp-content\/uploads\/2025\/10\/ifs-300x200.webp\" class=\"attachment-medium size-medium wp-image-825\" alt=\"ifs\" srcset=\"https:\/\/lami-ingeur.ro\/wp-content\/uploads\/2025\/10\/ifs-300x200.webp 300w, https:\/\/lami-ingeur.ro\/wp-content\/uploads\/2025\/10\/ifs-1024x683.webp 1024w, https:\/\/lami-ingeur.ro\/wp-content\/uploads\/2025\/10\/ifs-768x512.webp 768w, https:\/\/lami-ingeur.ro\/wp-content\/uploads\/2025\/10\/ifs.webp 1536w\" sizes=\"(max-width: 300px) 100vw, 300px\" \/><\/div><\/a>\n\t\t\t\t<div class=\"elementor-post__badge\">Lignes de production industrielle<\/div>\n\t\t\t\t<div class=\"elementor-post__text\">\n\t\t\t\t<h3 class=\"elementor-post__title\">\n\t\t\t<a href=\"https:\/\/lami-ingeur.ro\/fr\/les-plus-hauts-standards-dhygiene-pour-les-usines-de-lindustrie-alimentaire\/\" >\n\t\t\t\tLes plus hauts standards d&rsquo;hygi\u00e8ne pour les usines de l&rsquo;industrie alimentaire\t\t\t<\/a>\n\t\t<\/h3>\n\t\t\t\t<div class=\"elementor-post__excerpt\">\n\t\t\t<p>L&rsquo;industrie alimentaire op\u00e8re sous une pression constante pour assurer la s\u00e9curit\u00e9 et la qualit\u00e9 des produits. Les usines doivent respecter des standards d&rsquo;hygi\u00e8ne stricts, reconnus internationalement, tels que IFS Food et BRC Global Standard for Food Safety. Dans cet article, nous explorerons ce que supposent ces certifications et pourquoi elles<\/p>\n\t\t<\/div>\n\t\t\n\t\t<a class=\"elementor-post__read-more\" href=\"https:\/\/lami-ingeur.ro\/fr\/les-plus-hauts-standards-dhygiene-pour-les-usines-de-lindustrie-alimentaire\/\" aria-label=\"En savoir plus sur Les plus hauts standards d&rsquo;hygi\u00e8ne pour les usines de l&rsquo;industrie alimentaire\" tabindex=\"-1\" >\n\t\t\tLire l'article \u00bb\t\t<\/a>\n\n\t\t\t\t<\/div>\n\t\t\t\t\t<\/div>\n\t\t<\/article>\n\t\t\t\t<article class=\"elementor-post elementor-grid-item post-848 post type-post status-publish format-standard has-post-thumbnail hentry category-lignes-de-production-industrielle\" role=\"listitem\">\n\t\t\t<div class=\"elementor-post__card\">\n\t\t\t\t<a class=\"elementor-post__thumbnail__link\" href=\"https:\/\/lami-ingeur.ro\/fr\/pourquoi-est-il-plus-efficace-quune-seule-entreprise-concoive-et-construise-une-ligne-de-production-entierement-automatisee\/\" tabindex=\"-1\" ><div class=\"elementor-post__thumbnail\"><img loading=\"lazy\" decoding=\"async\" width=\"300\" height=\"200\" src=\"https:\/\/lami-ingeur.ro\/wp-content\/uploads\/2025\/10\/1-300x200.webp\" class=\"attachment-medium size-medium wp-image-849\" alt=\"1\" srcset=\"https:\/\/lami-ingeur.ro\/wp-content\/uploads\/2025\/10\/1-300x200.webp 300w, https:\/\/lami-ingeur.ro\/wp-content\/uploads\/2025\/10\/1-1024x683.webp 1024w, https:\/\/lami-ingeur.ro\/wp-content\/uploads\/2025\/10\/1-768x512.webp 768w, https:\/\/lami-ingeur.ro\/wp-content\/uploads\/2025\/10\/1.webp 1536w\" sizes=\"(max-width: 300px) 100vw, 300px\" \/><\/div><\/a>\n\t\t\t\t<div class=\"elementor-post__badge\">Lignes de production industrielle<\/div>\n\t\t\t\t<div class=\"elementor-post__text\">\n\t\t\t\t<h3 class=\"elementor-post__title\">\n\t\t\t<a href=\"https:\/\/lami-ingeur.ro\/fr\/pourquoi-est-il-plus-efficace-quune-seule-entreprise-concoive-et-construise-une-ligne-de-production-entierement-automatisee\/\" >\n\t\t\t\tPourquoi est-il plus efficace qu&rsquo;une seule entreprise con\u00e7oive et construise une ligne de production enti\u00e8rement automatis\u00e9e&nbsp;?\t\t\t<\/a>\n\t\t<\/h3>\n\t\t\t\t<div class=\"elementor-post__excerpt\">\n\t\t\t<p>Dans le monde moderne de la production automatis\u00e9e, en particulier dans l&rsquo;industrie alimentaire, les lignes de production sont essentielles pour l&rsquo;efficacit\u00e9 et la qualit\u00e9. L&rsquo;une des questions que les entreprises se posent fr\u00e9quemment est de savoir si elles doivent faire appel \u00e0 une seule entreprise pour l&rsquo;ensemble du projet ou<\/p>\n\t\t<\/div>\n\t\t\n\t\t<a class=\"elementor-post__read-more\" href=\"https:\/\/lami-ingeur.ro\/fr\/pourquoi-est-il-plus-efficace-quune-seule-entreprise-concoive-et-construise-une-ligne-de-production-entierement-automatisee\/\" aria-label=\"En savoir plus sur Pourquoi est-il plus efficace qu&rsquo;une seule entreprise con\u00e7oive et construise une ligne de production enti\u00e8rement automatis\u00e9e&nbsp;?\" tabindex=\"-1\" >\n\t\t\tLire l'article \u00bb\t\t<\/a>\n\n\t\t\t\t<\/div>\n\t\t\t\t\t<\/div>\n\t\t<\/article>\n\t\t\t\t<\/div>\n\t\t\n\t\t\t\t\t\t<\/div>\n\t\t\t\t<\/div>\n\t\t\t\t<\/div>\n\t\t\t\t\t<\/div>\n\t\t\t\t<\/div>\n\t\t\t\t<\/div>\n\t\t","protected":false},"excerpt":{"rendered":"<p>Articles utiles<\/p>\n","protected":false},"author":1,"featured_media":0,"parent":0,"menu_order":0,"comment_status":"closed","ping_status":"closed","template":"elementor_header_footer","meta":{"footnotes":""},"class_list":["post-837","page","type-page","status-publish","hentry"],"yoast_head":"<!-- This site is optimized with the Yoast SEO plugin v27.4 - https:\/\/yoast.com\/product\/yoast-seo-wordpress\/ -->\n<title>Blog - Automatiz\u0103ri industriale - Lami Ing Eur<\/title>\n<meta name=\"robots\" content=\"index, follow, max-snippet:-1, max-image-preview:large, max-video-preview:-1\" \/>\n<link rel=\"canonical\" href=\"https:\/\/lami-ingeur.ro\/fr\/blog\/\" \/>\n<meta property=\"og:locale\" content=\"fr_FR\" \/>\n<meta property=\"og:type\" content=\"article\" \/>\n<meta property=\"og:title\" content=\"Blog - Automatiz\u0103ri industriale - Lami Ing Eur\" \/>\n<meta property=\"og:description\" content=\"Articles utiles\" \/>\n<meta property=\"og:url\" content=\"https:\/\/lami-ingeur.ro\/fr\/blog\/\" \/>\n<meta property=\"og:site_name\" content=\"Automatiz\u0103ri industriale - Lami Ing Eur\" \/>\n<meta property=\"article:publisher\" content=\"https:\/\/www.facebook.com\/LAMI-ING-EUR-SRL-698094190373022\" \/>\n<meta property=\"article:modified_time\" content=\"2025-10-29T11:46:24+00:00\" \/>\n<meta name=\"twitter:card\" content=\"summary_large_image\" \/>\n<script type=\"application\/ld+json\" class=\"yoast-schema-graph\">{\"@context\":\"https:\\\/\\\/schema.org\",\"@graph\":[{\"@type\":\"WebPage\",\"@id\":\"https:\\\/\\\/lami-ingeur.ro\\\/fr\\\/blog\\\/\",\"url\":\"https:\\\/\\\/lami-ingeur.ro\\\/fr\\\/blog\\\/\",\"name\":\"Blog - Automatiz\u0103ri industriale - Lami Ing Eur\",\"isPartOf\":{\"@id\":\"https:\\\/\\\/lami-ingeur.ro\\\/fr\\\/#website\"},\"datePublished\":\"2025-09-05T06:59:08+00:00\",\"dateModified\":\"2025-10-29T11:46:24+00:00\",\"breadcrumb\":{\"@id\":\"https:\\\/\\\/lami-ingeur.ro\\\/fr\\\/blog\\\/#breadcrumb\"},\"inLanguage\":\"fr-FR\",\"potentialAction\":[{\"@type\":\"ReadAction\",\"target\":[\"https:\\\/\\\/lami-ingeur.ro\\\/fr\\\/blog\\\/\"]}]},{\"@type\":\"BreadcrumbList\",\"@id\":\"https:\\\/\\\/lami-ingeur.ro\\\/fr\\\/blog\\\/#breadcrumb\",\"itemListElement\":[{\"@type\":\"ListItem\",\"position\":1,\"name\":\"Prima pagin\u0103\",\"item\":\"https:\\\/\\\/lami-ingeur.ro\\\/fr\\\/accueil\\\/\"},{\"@type\":\"ListItem\",\"position\":2,\"name\":\"Blog\"}]},{\"@type\":\"WebSite\",\"@id\":\"https:\\\/\\\/lami-ingeur.ro\\\/fr\\\/#website\",\"url\":\"https:\\\/\\\/lami-ingeur.ro\\\/fr\\\/\",\"name\":\"Automatiz\u0103ri industriale \u00een Timi\u0219oara - LAMI ING EUR\",\"description\":\"\",\"publisher\":{\"@id\":\"https:\\\/\\\/lami-ingeur.ro\\\/fr\\\/#organization\"},\"potentialAction\":[{\"@type\":\"SearchAction\",\"target\":{\"@type\":\"EntryPoint\",\"urlTemplate\":\"https:\\\/\\\/lami-ingeur.ro\\\/fr\\\/?s={search_term_string}\"},\"query-input\":{\"@type\":\"PropertyValueSpecification\",\"valueRequired\":true,\"valueName\":\"search_term_string\"}}],\"inLanguage\":\"fr-FR\"},{\"@type\":\"Organization\",\"@id\":\"https:\\\/\\\/lami-ingeur.ro\\\/fr\\\/#organization\",\"name\":\"Lami Ing Eur\",\"url\":\"https:\\\/\\\/lami-ingeur.ro\\\/fr\\\/\",\"logo\":{\"@type\":\"ImageObject\",\"inLanguage\":\"fr-FR\",\"@id\":\"https:\\\/\\\/lami-ingeur.ro\\\/fr\\\/#\\\/schema\\\/logo\\\/image\\\/\",\"url\":\"https:\\\/\\\/lami-ingeur.ro\\\/wp-content\\\/uploads\\\/2025\\\/09\\\/logo-lami.png\",\"contentUrl\":\"https:\\\/\\\/lami-ingeur.ro\\\/wp-content\\\/uploads\\\/2025\\\/09\\\/logo-lami.png\",\"width\":1500,\"height\":732,\"caption\":\"Lami Ing Eur\"},\"image\":{\"@id\":\"https:\\\/\\\/lami-ingeur.ro\\\/fr\\\/#\\\/schema\\\/logo\\\/image\\\/\"},\"sameAs\":[\"https:\\\/\\\/www.facebook.com\\\/LAMI-ING-EUR-SRL-698094190373022\",\"https:\\\/\\\/www.linkedin.com\\\/company\\\/lami-ingeur\\\/\"]}]}<\/script>\n<!-- \/ Yoast SEO plugin. -->","yoast_head_json":{"title":"Blog - Automatiz\u0103ri industriale - Lami Ing Eur","robots":{"index":"index","follow":"follow","max-snippet":"max-snippet:-1","max-image-preview":"max-image-preview:large","max-video-preview":"max-video-preview:-1"},"canonical":"https:\/\/lami-ingeur.ro\/fr\/blog\/","og_locale":"fr_FR","og_type":"article","og_title":"Blog - Automatiz\u0103ri industriale - Lami Ing Eur","og_description":"Articles utiles","og_url":"https:\/\/lami-ingeur.ro\/fr\/blog\/","og_site_name":"Automatiz\u0103ri industriale - Lami Ing Eur","article_publisher":"https:\/\/www.facebook.com\/LAMI-ING-EUR-SRL-698094190373022","article_modified_time":"2025-10-29T11:46:24+00:00","twitter_card":"summary_large_image","schema":{"@context":"https:\/\/schema.org","@graph":[{"@type":"WebPage","@id":"https:\/\/lami-ingeur.ro\/fr\/blog\/","url":"https:\/\/lami-ingeur.ro\/fr\/blog\/","name":"Blog - Automatiz\u0103ri industriale - Lami Ing Eur","isPartOf":{"@id":"https:\/\/lami-ingeur.ro\/fr\/#website"},"datePublished":"2025-09-05T06:59:08+00:00","dateModified":"2025-10-29T11:46:24+00:00","breadcrumb":{"@id":"https:\/\/lami-ingeur.ro\/fr\/blog\/#breadcrumb"},"inLanguage":"fr-FR","potentialAction":[{"@type":"ReadAction","target":["https:\/\/lami-ingeur.ro\/fr\/blog\/"]}]},{"@type":"BreadcrumbList","@id":"https:\/\/lami-ingeur.ro\/fr\/blog\/#breadcrumb","itemListElement":[{"@type":"ListItem","position":1,"name":"Prima pagin\u0103","item":"https:\/\/lami-ingeur.ro\/fr\/accueil\/"},{"@type":"ListItem","position":2,"name":"Blog"}]},{"@type":"WebSite","@id":"https:\/\/lami-ingeur.ro\/fr\/#website","url":"https:\/\/lami-ingeur.ro\/fr\/","name":"Automatiz\u0103ri industriale \u00een Timi\u0219oara - LAMI ING EUR","description":"","publisher":{"@id":"https:\/\/lami-ingeur.ro\/fr\/#organization"},"potentialAction":[{"@type":"SearchAction","target":{"@type":"EntryPoint","urlTemplate":"https:\/\/lami-ingeur.ro\/fr\/?s={search_term_string}"},"query-input":{"@type":"PropertyValueSpecification","valueRequired":true,"valueName":"search_term_string"}}],"inLanguage":"fr-FR"},{"@type":"Organization","@id":"https:\/\/lami-ingeur.ro\/fr\/#organization","name":"Lami Ing Eur","url":"https:\/\/lami-ingeur.ro\/fr\/","logo":{"@type":"ImageObject","inLanguage":"fr-FR","@id":"https:\/\/lami-ingeur.ro\/fr\/#\/schema\/logo\/image\/","url":"https:\/\/lami-ingeur.ro\/wp-content\/uploads\/2025\/09\/logo-lami.png","contentUrl":"https:\/\/lami-ingeur.ro\/wp-content\/uploads\/2025\/09\/logo-lami.png","width":1500,"height":732,"caption":"Lami Ing Eur"},"image":{"@id":"https:\/\/lami-ingeur.ro\/fr\/#\/schema\/logo\/image\/"},"sameAs":["https:\/\/www.facebook.com\/LAMI-ING-EUR-SRL-698094190373022","https:\/\/www.linkedin.com\/company\/lami-ingeur\/"]}]}},"_links":{"self":[{"href":"https:\/\/lami-ingeur.ro\/fr\/wp-json\/wp\/v2\/pages\/837","targetHints":{"allow":["GET"]}}],"collection":[{"href":"https:\/\/lami-ingeur.ro\/fr\/wp-json\/wp\/v2\/pages"}],"about":[{"href":"https:\/\/lami-ingeur.ro\/fr\/wp-json\/wp\/v2\/types\/page"}],"author":[{"embeddable":true,"href":"https:\/\/lami-ingeur.ro\/fr\/wp-json\/wp\/v2\/users\/1"}],"replies":[{"embeddable":true,"href":"https:\/\/lami-ingeur.ro\/fr\/wp-json\/wp\/v2\/comments?post=837"}],"version-history":[{"count":1,"href":"https:\/\/lami-ingeur.ro\/fr\/wp-json\/wp\/v2\/pages\/837\/revisions"}],"predecessor-version":[{"id":840,"href":"https:\/\/lami-ingeur.ro\/fr\/wp-json\/wp\/v2\/pages\/837\/revisions\/840"}],"wp:attachment":[{"href":"https:\/\/lami-ingeur.ro\/fr\/wp-json\/wp\/v2\/media?parent=837"}],"curies":[{"name":"wp","href":"https:\/\/api.w.org\/{rel}","templated":true}]}}